{"id":642,"date":"2024-01-18T16:25:05","date_gmt":"2024-01-18T15:25:05","guid":{"rendered":"https:\/\/hostelvista.trisdemo.ch\/zimmer\/"},"modified":"2024-04-05T15:50:22","modified_gmt":"2024-04-05T13:50:22","slug":"zimmer","status":"publish","type":"page","link":"https:\/\/www.hostelvista.ch\/de\/zimmer\/","title":{"rendered":"Zimmer"},"content":{"rendered":"\n<style type=\"text\/css\" data-created_by=\"avia_inline_auto\" id=\"style-css-av-lrjeohw9-c9e47d47f14f2806f8abb1f4f538010f\">\n.avia-section.av-lrjeohw9-c9e47d47f14f2806f8abb1f4f538010f{\nbackground-color:#ffab29;\nbackground-image:unset;\nmargin-top:0;\nmargin-bottom:0;\n}\n<\/style>\n<div id='av_section_1'  class='avia-section av-lrjeohw9-c9e47d47f14f2806f8abb1f4f538010f main_color avia-section-no-padding avia-no-border-styling  avia-builder-el-0  el_before_av_layout_row  avia-builder-el-first  avia-bg-style-scroll container_wrap fullsize'  ><div class='container av-section-cont-open' ><main  role=\"main\" itemprop=\"mainContentOfPage\"  class='template-page content  av-content-full alpha units'><div class='post-entry post-entry-type-page post-entry-642'><div class='entry-content-wrapper clearfix'>\n\n<style type=\"text\/css\" data-created_by=\"avia_inline_auto\" id=\"style-css-av-lrjeqb60-1da31e65348adb0df136f214fab98115\">\n#top .flex_column.av-lrjeqb60-1da31e65348adb0df136f214fab98115{\nmargin-top:0px;\nmargin-bottom:0px;\n}\n.flex_column.av-lrjeqb60-1da31e65348adb0df136f214fab98115{\npadding:0 0 0 70px;\n}\n.responsive #top #wrap_all .flex_column.av-lrjeqb60-1da31e65348adb0df136f214fab98115{\nmargin-top:0px;\nmargin-bottom:0px;\n}\n\n@media only screen and (min-width: 480px) and (max-width: 767px){ \n.flex_column.av-lrjeqb60-1da31e65348adb0df136f214fab98115{\npadding:0 0 0 0;\n}\n}\n\n@media only screen and (max-width: 479px){ \n.flex_column.av-lrjeqb60-1da31e65348adb0df136f214fab98115{\npadding:0 0 0 0;\n}\n}\n<\/style>\n<div  class='flex_column av-lrjeqb60-1da31e65348adb0df136f214fab98115 av_one_full  avia-builder-el-1  avia-builder-el-no-sibling  first flex_column_div  '     ><style type=\"text\/css\" data-created_by=\"avia_inline_auto\" id=\"style-css-av-lrjepkhw-eb70507f8e8d82748461ee4a4bee208c\">\n#top .av-special-heading.av-lrjepkhw-eb70507f8e8d82748461ee4a4bee208c{\nmargin:20px 20px 0 20px;\npadding-bottom:0;\ncolor:#ffffff;\n}\nbody .av-special-heading.av-lrjepkhw-eb70507f8e8d82748461ee4a4bee208c .av-special-heading-tag .heading-char{\nfont-size:25px;\n}\n.av-special-heading.av-lrjepkhw-eb70507f8e8d82748461ee4a4bee208c .special-heading-inner-border{\nborder-color:#ffffff;\n}\n.av-special-heading.av-lrjepkhw-eb70507f8e8d82748461ee4a4bee208c .av-subheading{\nfont-size:15px;\n}\n\n@media only screen and (max-width: 479px){ \n#top #wrap_all .av-special-heading.av-lrjepkhw-eb70507f8e8d82748461ee4a4bee208c .av-special-heading-tag{\nfont-size:28px;\n}\n}\n\n@media only screen and (min-width: 990px){ \n#top .av-special-heading.av-lrjepkhw-eb70507f8e8d82748461ee4a4bee208c{\nmargin:80px 80px 20px 80px;\n}\n}\n\n@media only screen and (min-width: 768px) and (max-width: 989px){ \n#top .av-special-heading.av-lrjepkhw-eb70507f8e8d82748461ee4a4bee208c{\nmargin:80px 80px 20px 80px;\n}\n}\n<\/style>\n<div  class='av-special-heading av-lrjepkhw-eb70507f8e8d82748461ee4a4bee208c av-special-heading-h1 custom-color-heading  avia-builder-el-2  avia-builder-el-no-sibling '><h1 class='av-special-heading-tag '  itemprop=\"headline\"  >ZIMMER<\/h1><div class=\"special-heading-border\"><div class=\"special-heading-inner-border\"><\/div><\/div><\/div><\/div>\n\n<\/div><\/div><\/main><!-- close content main element --><\/div><\/div><div id='av-layout-grid-1'  class='av-layout-grid-container av-35u4i-6c10aea30a8b090b6fde81c09972666e entry-content-wrapper main_color av-flex-cells  avia-builder-el-3  el_after_av_section  el_before_av_section  grid-row-not-first  container_wrap fullsize'  >\n\n<style type=\"text\/css\" data-created_by=\"avia_inline_auto\" id=\"style-css-av-lrkjdgqz-024ab3603282d522b7a047d367d6fa35\">\n.flex_cell.av-lrkjdgqz-024ab3603282d522b7a047d367d6fa35{\nvertical-align:middle;\nheight:430px;\nmin-height:430px;\nbackground:url(https:\/\/www.hostelvista.ch\/wp\/wp-content\/uploads\/2024\/01\/Chambre-dortoir-hostel-1-1030x630.jpg) 50% 50% no-repeat scroll ;\n}\n<\/style>\n<div class='flex_cell av-lrkjdgqz-024ab3603282d522b7a047d367d6fa35 av-gridrow-cell av_one_half no_margin  avia-builder-el-4  el_before_av_cell_one_half  avia-builder-el-first  content-align-middle avia-full-stretch'  ><div class='flex_cell_inner'><\/div><\/div>\n<style type=\"text\/css\" data-created_by=\"avia_inline_auto\" id=\"style-css-av-2vx6i-0f9c4fcd60235b7484ec334280231edd\">\n.flex_cell.av-2vx6i-0f9c4fcd60235b7484ec334280231edd{\nvertical-align:middle;\nheight:430px;\nmin-height:430px;\nbackground:url(https:\/\/www.hostelvista.ch\/wp\/wp-content\/uploads\/2024\/01\/SapinsBWT.svg) 100% 100% no-repeat scroll ;\n}\n<\/style>\n<div class='flex_cell av-2vx6i-0f9c4fcd60235b7484ec334280231edd av-gridrow-cell av_one_half no_margin  avia-builder-el-5  el_after_av_cell_one_half  avia-builder-el-last  content-align-middle'  ><div class='flex_cell_inner'>\n<style type=\"text\/css\" data-created_by=\"avia_inline_auto\" id=\"style-css-av-lrkjc1t1-27e05db380b1961b77a78af1d95b0b33\">\n.flex_column.av-lrkjc1t1-27e05db380b1961b77a78af1d95b0b33{\npadding:20px 20px 20px 20px;\n}\n<\/style>\n<div  class='flex_column av-lrkjc1t1-27e05db380b1961b77a78af1d95b0b33 av_one_full  avia-builder-el-6  avia-builder-el-no-sibling  first no_margin flex_column_div  '     ><p>\n<style type=\"text\/css\" data-created_by=\"avia_inline_auto\" id=\"style-css-av-lrkjap3v-3696e0415948591fb2a5b4a79b9cb6da\">\n#top .av-special-heading.av-lrkjap3v-3696e0415948591fb2a5b4a79b9cb6da{\npadding-bottom:40px;\n}\nbody .av-special-heading.av-lrkjap3v-3696e0415948591fb2a5b4a79b9cb6da .av-special-heading-tag .heading-char{\nfont-size:25px;\n}\n.av-special-heading.av-lrkjap3v-3696e0415948591fb2a5b4a79b9cb6da .av-subheading{\nfont-size:15px;\n}\n<\/style>\n<div  class='av-special-heading av-lrkjap3v-3696e0415948591fb2a5b4a79b9cb6da av-special-heading-h2 blockquote modern-quote  avia-builder-el-7  el_before_av_textblock  avia-builder-el-first '><h2 class='av-special-heading-tag '  itemprop=\"headline\"  >Schlafkammer<\/h2><div class=\"special-heading-border\"><div class=\"special-heading-inner-border\"><\/div><\/div><\/div><br \/>\n<section  class='av_textblock_section av-lrkjarb4-d0c74c741cb6895d2e0bada7a8368f95 '   itemscope=\"itemscope\" itemtype=\"https:\/\/schema.org\/CreativeWork\" ><div class='avia_textblock'  itemprop=\"text\" ><p style=\"text-align: justify;\">Wenn Sie Ihre Erfahrungen lieber mit anderen Reisenden teilen m\u00f6chten, werden Sie in diesem Abschnitt f\u00fcndig. Genie\u00dfen Sie ein ger\u00e4umiges Zimmer im Obergeschoss mit Bad und WC sowie einen Aufenthaltsraum mit Fernseher, Wi-Fi und einer Selbstbedienungsk\u00fcche.<\/p>\n<p style=\"text-align: justify;\">Ihre Betten werden bei Ihrer Ankunft bezogen und die K\u00fcche sowie das Geschirr werden Ihnen ohne zus\u00e4tzliche Kosten zur Verf\u00fcgung gestellt. Im Sommer ist der Zugang zu den Gartenspielen, dem Bio-Life-Pool und dem Jacuzzi im Preis inbegriffen und das Parken ist kostenlos.<\/p>\n<\/div><\/section><br \/>\n<div  class='avia-button-wrap av-lrkjbdx2-be425d63b525f4404ec474044b2f9117-wrap avia-button-center  avia-builder-el-9  el_after_av_textblock  avia-builder-el-last '>\n<style type=\"text\/css\" data-created_by=\"avia_inline_auto\" id=\"style-css-av-lrkjbdx2-be425d63b525f4404ec474044b2f9117\">\n#top #wrap_all .avia-button.av-lrkjbdx2-be425d63b525f4404ec474044b2f9117{\nfont-size:20px;\ntransition:all 0.4s ease-in-out;\n}\n<\/style>\n<a href='https:\/\/www.reconline.com\/ibe\/reco\/?bs=30003&amp;idhotel=30032'  class='avia-button av-lrkjbdx2-be425d63b525f4404ec474044b2f9117 av-link-btn avia-icon_select-no avia-size-large avia-position-center avia-color-theme-color'  target=\"_blank\"  rel=\"noopener noreferrer\"  aria-label=\"Jetzt buchen\"><span class='avia_iconbox_title' >Jetzt buchen<\/span><\/a><\/div><\/p><\/div>\n<\/div><\/div><\/div><div id='av_section_2'  class='avia-section av-1obyu-bf9c060104908330fac7b79c7561400e main_color avia-section-default avia-no-border-styling  avia-builder-el-10  el_after_av_layout_row  el_before_av_section  avia-bg-style-scroll container_wrap fullsize'  ><div class='container av-section-cont-open' ><div class='template-page content  av-content-full alpha units'><div class='post-entry post-entry-type-page post-entry-642'><div class='entry-content-wrapper clearfix'>\n<div  class='flex_column av-qv6m-32347e7d3d95c4b94d11ecd835a425dc av_one_full  avia-builder-el-11  avia-builder-el-no-sibling  first flex_column_div  '     ><style type=\"text\/css\" data-created_by=\"avia_inline_auto\" id=\"style-css-av-lrkmephr-320756bcdde01204ebc44a556fec8ed7\">\n#top .hr.hr-invisible.av-lrkmephr-320756bcdde01204ebc44a556fec8ed7{\nheight:50px;\n}\n<\/style>\n<div  class='hr av-lrkmephr-320756bcdde01204ebc44a556fec8ed7 hr-invisible  avia-builder-el-12  avia-builder-el-no-sibling '><span class='hr-inner '><span class=\"hr-inner-style\"><\/span><\/span><\/div><\/div>\n<\/p>\n<\/div><\/div><\/div><!-- close content main div --><\/div><\/div>\n<style type=\"text\/css\" data-created_by=\"avia_inline_auto\" id=\"style-css-av-q2v6-3ce07e025855b82dc60719573a9525f2\">\n.avia-section.av-q2v6-3ce07e025855b82dc60719573a9525f2{\nposition:relative;\n}\n.avia-section.av-q2v6-3ce07e025855b82dc60719573a9525f2 .avia-divider-svg-top svg{\nheight:100px;\nwidth:calc(100% + 1.3px);\nfill:#ffab29;\n}\n<\/style>\n<div id='av_section_3'  class='avia-section av-q2v6-3ce07e025855b82dc60719573a9525f2 main_color avia-section-no-padding avia-no-border-styling  avia-builder-el-13  el_after_av_section  avia-builder-el-last  avia-bg-style-scroll container_wrap fullsize'  ><div class='avia-divider-svg avia-divider-svg-wave-vista avia-divider-svg-top avia-svg-original'><?xml version=\"1.0\" encoding=\"UTF-8\"?><svg id=\"a\" xmlns=\"http:\/\/www.w3.org\/2000\/svg\" viewBox=\"0 0 1920 200\" preserveAspectRatio=\"none\">\r\n<path id=\"wave\" d=\"M1920,108.65s-215.38,175.79-833.97,39.94C467.4,12.72,192.48-19.23.02,116.62c1.99-2.63,190.44-247.32,1076.87-19.96,623.14,159.84,843.11,11.99,843.11,11.99Z\" style=\"opacity:.5;\"\/>\r\n<path id=\"under-wave\" d=\"M1920,108.65v286.35H0V116.64c.01,0,.01-.01.02-.02C192.48-19.23,467.4,12.72,1086.03,148.59c618.59,135.85,833.97-39.94,833.97-39.94Z\"\/><\/svg><\/div><div class='container av-section-cont-open' ><div class='template-page content  av-content-full alpha units'><div class='post-entry post-entry-type-page post-entry-642'><div class='entry-content-wrapper clearfix'>\n","protected":false},"excerpt":{"rendered":"","protected":false},"author":1,"featured_media":0,"parent":0,"menu_order":0,"comment_status":"closed","ping_status":"closed","template":"","meta":{"footnotes":""},"class_list":["post-642","page","type-page","status-publish","hentry"],"yoast_head":"<!-- This site is optimized with the Yoast SEO plugin v27.4 - https:\/\/yoast.com\/product\/yoast-seo-wordpress\/ -->\n<title>Zimmer - Vista Resort Hostel<\/title>\n<meta name=\"description\" content=\"Entdecken Sie die einladenden Zimmer im Hostel Vista, die f\u00fcr Reisende konzipiert wurden, die Komfort und Qualit\u00e4t zu einem erschwinglichen Preis suchen.\" \/>\n<meta name=\"robots\" content=\"index, follow, max-snippet:-1, max-image-preview:large, max-video-preview:-1\" \/>\n<link rel=\"canonical\" href=\"https:\/\/www.hostelvista.ch\/de\/zimmer\/\" \/>\n<meta property=\"og:locale\" content=\"de_DE\" \/>\n<meta property=\"og:type\" content=\"article\" \/>\n<meta property=\"og:title\" content=\"Zimmer - Vista Resort Hostel\" \/>\n<meta property=\"og:description\" content=\"Entdecken Sie die einladenden Zimmer im Hostel Vista, die f\u00fcr Reisende konzipiert wurden, die Komfort und Qualit\u00e4t zu einem erschwinglichen Preis suchen.\" \/>\n<meta property=\"og:url\" content=\"https:\/\/www.hostelvista.ch\/de\/zimmer\/\" \/>\n<meta property=\"og:site_name\" content=\"Vista Resort Hostel\" \/>\n<meta property=\"article:modified_time\" content=\"2024-04-05T13:50:22+00:00\" \/>\n<meta name=\"twitter:card\" content=\"summary_large_image\" \/>\n<meta name=\"twitter:label1\" content=\"Est. reading time\" \/>\n\t<meta name=\"twitter:data1\" content=\"18 minutes\" \/>\n<script type=\"application\/ld+json\" class=\"yoast-schema-graph\">{\"@context\":\"https:\\\/\\\/schema.org\",\"@graph\":[{\"@type\":\"WebPage\",\"@id\":\"https:\\\/\\\/www.hostelvista.ch\\\/de\\\/zimmer\\\/\",\"url\":\"https:\\\/\\\/www.hostelvista.ch\\\/de\\\/zimmer\\\/\",\"name\":\"Zimmer - Vista Resort Hostel\",\"isPartOf\":{\"@id\":\"https:\\\/\\\/www.hostelvista.ch\\\/de\\\/#website\"},\"datePublished\":\"2024-01-18T15:25:05+00:00\",\"dateModified\":\"2024-04-05T13:50:22+00:00\",\"description\":\"Entdecken Sie die einladenden Zimmer im Hostel Vista, die f\u00fcr Reisende konzipiert wurden, die Komfort und Qualit\u00e4t zu einem erschwinglichen Preis suchen.\",\"breadcrumb\":{\"@id\":\"https:\\\/\\\/www.hostelvista.ch\\\/de\\\/zimmer\\\/#breadcrumb\"},\"inLanguage\":\"de-DE\",\"potentialAction\":[{\"@type\":\"ReadAction\",\"target\":[\"https:\\\/\\\/www.hostelvista.ch\\\/de\\\/zimmer\\\/\"]}]},{\"@type\":\"BreadcrumbList\",\"@id\":\"https:\\\/\\\/www.hostelvista.ch\\\/de\\\/zimmer\\\/#breadcrumb\",\"itemListElement\":[{\"@type\":\"ListItem\",\"position\":1,\"name\":\"Accueil\",\"item\":\"https:\\\/\\\/www.hostelvista.ch\\\/de\\\/\"},{\"@type\":\"ListItem\",\"position\":2,\"name\":\"Zimmer\"}]},{\"@type\":\"WebSite\",\"@id\":\"https:\\\/\\\/www.hostelvista.ch\\\/de\\\/#website\",\"url\":\"https:\\\/\\\/www.hostelvista.ch\\\/de\\\/\",\"name\":\"Vista Resort Hostel\",\"description\":\"\",\"potentialAction\":[{\"@type\":\"SearchAction\",\"target\":{\"@type\":\"EntryPoint\",\"urlTemplate\":\"https:\\\/\\\/www.hostelvista.ch\\\/de\\\/?s={search_term_string}\"},\"query-input\":{\"@type\":\"PropertyValueSpecification\",\"valueRequired\":true,\"valueName\":\"search_term_string\"}}],\"inLanguage\":\"de-DE\"}]}<\/script>\n<!-- \/ Yoast SEO plugin. -->","yoast_head_json":{"title":"Zimmer - Vista Resort Hostel","description":"Entdecken Sie die einladenden Zimmer im Hostel Vista, die f\u00fcr Reisende konzipiert wurden, die Komfort und Qualit\u00e4t zu einem erschwinglichen Preis suchen.","robots":{"index":"index","follow":"follow","max-snippet":"max-snippet:-1","max-image-preview":"max-image-preview:large","max-video-preview":"max-video-preview:-1"},"canonical":"https:\/\/www.hostelvista.ch\/de\/zimmer\/","og_locale":"de_DE","og_type":"article","og_title":"Zimmer - Vista Resort Hostel","og_description":"Entdecken Sie die einladenden Zimmer im Hostel Vista, die f\u00fcr Reisende konzipiert wurden, die Komfort und Qualit\u00e4t zu einem erschwinglichen Preis suchen.","og_url":"https:\/\/www.hostelvista.ch\/de\/zimmer\/","og_site_name":"Vista Resort Hostel","article_modified_time":"2024-04-05T13:50:22+00:00","twitter_card":"summary_large_image","twitter_misc":{"Est. reading time":"18 minutes"},"schema":{"@context":"https:\/\/schema.org","@graph":[{"@type":"WebPage","@id":"https:\/\/www.hostelvista.ch\/de\/zimmer\/","url":"https:\/\/www.hostelvista.ch\/de\/zimmer\/","name":"Zimmer - Vista Resort Hostel","isPartOf":{"@id":"https:\/\/www.hostelvista.ch\/de\/#website"},"datePublished":"2024-01-18T15:25:05+00:00","dateModified":"2024-04-05T13:50:22+00:00","description":"Entdecken Sie die einladenden Zimmer im Hostel Vista, die f\u00fcr Reisende konzipiert wurden, die Komfort und Qualit\u00e4t zu einem erschwinglichen Preis suchen.","breadcrumb":{"@id":"https:\/\/www.hostelvista.ch\/de\/zimmer\/#breadcrumb"},"inLanguage":"de-DE","potentialAction":[{"@type":"ReadAction","target":["https:\/\/www.hostelvista.ch\/de\/zimmer\/"]}]},{"@type":"BreadcrumbList","@id":"https:\/\/www.hostelvista.ch\/de\/zimmer\/#breadcrumb","itemListElement":[{"@type":"ListItem","position":1,"name":"Accueil","item":"https:\/\/www.hostelvista.ch\/de\/"},{"@type":"ListItem","position":2,"name":"Zimmer"}]},{"@type":"WebSite","@id":"https:\/\/www.hostelvista.ch\/de\/#website","url":"https:\/\/www.hostelvista.ch\/de\/","name":"Vista Resort Hostel","description":"","potentialAction":[{"@type":"SearchAction","target":{"@type":"EntryPoint","urlTemplate":"https:\/\/www.hostelvista.ch\/de\/?s={search_term_string}"},"query-input":{"@type":"PropertyValueSpecification","valueRequired":true,"valueName":"search_term_string"}}],"inLanguage":"de-DE"}]}},"_links":{"self":[{"href":"https:\/\/www.hostelvista.ch\/de\/wp-json\/wp\/v2\/pages\/642","targetHints":{"allow":["GET"]}}],"collection":[{"href":"https:\/\/www.hostelvista.ch\/de\/wp-json\/wp\/v2\/pages"}],"about":[{"href":"https:\/\/www.hostelvista.ch\/de\/wp-json\/wp\/v2\/types\/page"}],"author":[{"embeddable":true,"href":"https:\/\/www.hostelvista.ch\/de\/wp-json\/wp\/v2\/users\/1"}],"replies":[{"embeddable":true,"href":"https:\/\/www.hostelvista.ch\/de\/wp-json\/wp\/v2\/comments?post=642"}],"version-history":[{"count":14,"href":"https:\/\/www.hostelvista.ch\/de\/wp-json\/wp\/v2\/pages\/642\/revisions"}],"predecessor-version":[{"id":742,"href":"https:\/\/www.hostelvista.ch\/de\/wp-json\/wp\/v2\/pages\/642\/revisions\/742"}],"wp:attachment":[{"href":"https:\/\/www.hostelvista.ch\/de\/wp-json\/wp\/v2\/media?parent=642"}],"curies":[{"name":"wp","href":"https:\/\/api.w.org\/{rel}","templated":true}]}}